{"id":136,"date":"2025-03-31T11:30:51","date_gmt":"2025-03-31T14:30:51","guid":{"rendered":"https:\/\/muky.com.br\/?page_id=136"},"modified":"2025-10-07T16:01:40","modified_gmt":"2025-10-07T19:01:40","slug":"politica-de-privacidade","status":"publish","type":"page","link":"https:\/\/muky.com.br\/en\/politica-de-privacidade\/","title":{"rendered":"Privacy Policy"},"content":{"rendered":"<div data-elementor-type=\"wp-page\" data-elementor-id=\"136\" class=\"elementor elementor-136\" data-elementor-post-type=\"page\">\n\t\t\t\t<div class=\"elementor-element elementor-element-7f61c2a e-flex e-con-boxed e-con e-parent\" data-id=\"7f61c2a\" data-element_type=\"container\" data-settings=\"{&quot;background_background&quot;:&quot;classic&quot;,&quot;jet_parallax_layout_list&quot;:[]}\">\n\t\t\t\t\t<div class=\"e-con-inner\">\n\t\t\t\t<div class=\"elementor-element elementor-element-cdf47d9 elementor-widget elementor-widget-spacer\" data-id=\"cdf47d9\" data-element_type=\"widget\" data-widget_type=\"spacer.default\">\n\t\t\t\t<div class=\"elementor-widget-container\">\n\t\t\t\t\t\t\t<div class=\"elementor-spacer\">\n\t\t\t<div class=\"elementor-spacer-inner\"><\/div>\n\t\t<\/div>\n\t\t\t\t\t\t<\/div>\n\t\t\t\t<\/div>\n\t\t\t\t\t<\/div>\n\t\t\t\t<\/div>\n\t\t<div class=\"elementor-element elementor-element-e8989f1 e-flex e-con-boxed e-con e-parent\" data-id=\"e8989f1\" data-element_type=\"container\" data-settings=\"{&quot;background_background&quot;:&quot;classic&quot;,&quot;jet_parallax_layout_list&quot;:[]}\">\n\t\t\t\t\t<div class=\"e-con-inner\">\n\t\t\t\t<div class=\"elementor-element elementor-element-05ffeac elementor-widget__width-initial elementor-widget elementor-widget-heading\" data-id=\"05ffeac\" data-element_type=\"widget\" data-widget_type=\"heading.default\">\n\t\t\t\t<div class=\"elementor-widget-container\">\n\t\t\t\t\t<h2 class=\"elementor-heading-title elementor-size-default\">Privacy Policy<\/h2>\t\t\t\t<\/div>\n\t\t\t\t<\/div>\n\t\t\t\t<div class=\"elementor-element elementor-element-620d490 elementor-widget__width-initial elementor-widget elementor-widget-heading\" data-id=\"620d490\" data-element_type=\"widget\" data-widget_type=\"heading.default\">\n\t\t\t\t<div class=\"elementor-widget-container\">\n\t\t\t\t\t<h2 class=\"elementor-heading-title elementor-size-default\">Last update: 2025-04-07<\/h2>\t\t\t\t<\/div>\n\t\t\t\t<\/div>\n\t\t\t\t<div class=\"elementor-element elementor-element-7191b17 elementor-widget-divider--view-line elementor-widget elementor-widget-divider\" data-id=\"7191b17\" data-element_type=\"widget\" data-widget_type=\"divider.default\">\n\t\t\t\t<div class=\"elementor-widget-container\">\n\t\t\t\t\t\t\t<div class=\"elementor-divider\">\n\t\t\t<span class=\"elementor-divider-separator\">\n\t\t\t\t\t\t<\/span>\n\t\t<\/div>\n\t\t\t\t\t\t<\/div>\n\t\t\t\t<\/div>\n\t\t\t\t<div class=\"elementor-element elementor-element-b5668b2 elementor-widget elementor-widget-text-editor\" data-id=\"b5668b2\" data-element_type=\"widget\" data-widget_type=\"text-editor.default\">\n\t\t\t\t<div class=\"elementor-widget-container\">\n\t\t\t\t\t\t\t\t\t<p class=\"\" data-start=\"142\" data-end=\"489\">By using our website and filling out the contact form, we collect some personal information in order to improve your experience and enable our customer service team to get back to you. The information collected may include, but is not limited to: name, email address, phone number, and other data voluntarily provided by you.<\/p><p class=\"\" data-start=\"491\" data-end=\"807\">This data is used exclusively for communication purposes, customer support, and to improve our services. We are committed to maintaining the confidentiality of this information and adopting security measures to protect your data against unauthorized access, alterations, or disclosures.<\/p><p class=\"\" data-start=\"809\" data-end=\"956\">We do not share, sell, or rent your personal information to third parties, except when required by law or with your express authorization.<\/p><p class=\"\" data-start=\"958\" data-end=\"1175\">By continuing to use our website, you agree to the terms of this <strong>Privacy Policy<\/strong>If you have any questions or wish to request the deletion of your data, please contact us at: <span style=\"color: #333399;\"><span style=\"color: #0a43aa;\"><strong>consumidor@muky.com.br<\/strong><\/span><\/span><\/p><p class=\"\" data-start=\"958\" data-end=\"1175\"><strong>\u2611 By using our website and submitting your information, you acknowledge and agree to the terms of this Privacy Policy as described here.<\/strong><\/p>\t\t\t\t\t\t\t\t<\/div>\n\t\t\t\t<\/div>\n\t\t\t\t\t<\/div>\n\t\t\t\t<\/div>\n\t\t<div class=\"elementor-element elementor-element-4c54c31 e-flex e-con-boxed e-con e-parent\" data-id=\"4c54c31\" data-element_type=\"container\" data-settings=\"{&quot;background_background&quot;:&quot;classic&quot;,&quot;jet_parallax_layout_list&quot;:[]}\">\n\t\t\t\t\t<div class=\"e-con-inner\">\n\t\t\t\t\t<\/div>\n\t\t\t\t<\/div>\n\t\t<div class=\"elementor-element elementor-element-4272707 e-flex e-con-boxed e-con e-parent\" data-id=\"4272707\" data-element_type=\"container\" data-settings=\"{&quot;background_background&quot;:&quot;classic&quot;,&quot;jet_parallax_layout_list&quot;:[]}\">\n\t\t\t\t\t<div class=\"e-con-inner\">\n\t\t\t\t<div class=\"elementor-element elementor-element-d158179 elementor-align-center elementor-widget__width-inherit elementor-widget elementor-widget-button\" data-id=\"d158179\" data-element_type=\"widget\" data-widget_type=\"button.default\">\n\t\t\t\t<div class=\"elementor-widget-container\">\n\t\t\t\t\t\t\t\t\t<div class=\"elementor-button-wrapper\">\n\t\t\t\t\t<a class=\"elementor-button elementor-button-link elementor-size-sm\" href=\"https:\/\/muky.com.br\/en\/\">\n\t\t\t\t\t\t<span class=\"elementor-button-content-wrapper\">\n\t\t\t\t\t\t\t\t\t<span class=\"elementor-button-text\">Back to home<\/span>\n\t\t\t\t\t<\/span>\n\t\t\t\t\t<\/a>\n\t\t\t\t<\/div>\n\t\t\t\t\t\t\t\t<\/div>\n\t\t\t\t<\/div>\n\t\t\t\t<div class=\"elementor-element elementor-element-0c7d3eb elementor-widget elementor-widget-spacer\" data-id=\"0c7d3eb\" data-element_type=\"widget\" data-widget_type=\"spacer.default\">\n\t\t\t\t<div class=\"elementor-widget-container\">\n\t\t\t\t\t\t\t<div class=\"elementor-spacer\">\n\t\t\t<div class=\"elementor-spacer-inner\"><\/div>\n\t\t<\/div>\n\t\t\t\t\t\t<\/div>\n\t\t\t\t<\/div>\n\t\t\t\t\t<\/div>\n\t\t\t\t<\/div>\n\t\t\t\t<\/div>","protected":false},"excerpt":{"rendered":"<p>Pol\u00edtica de Privacidade \u00daltima atualiza\u00e7\u00e3o: 07\/04\/2025 Ao utilizar nosso site e preencher o formul\u00e1rio de contato, coletamos algumas informa\u00e7\u00f5es pessoais com o objetivo de melhorar sua experi\u00eancia e possibilitar o retorno do nosso atendimento. As informa\u00e7\u00f5es coletadas podem incluir, mas n\u00e3o se limitam a: nome, endere\u00e7o de e-mail, n\u00famero de telefone e demais dados fornecidos [&hellip;]<\/p>","protected":false},"author":1,"featured_media":0,"parent":0,"menu_order":0,"comment_status":"closed","ping_status":"closed","template":"elementor_header_footer","meta":{"footnotes":""},"class_list":["post-136","page","type-page","status-publish","hentry"],"_links":{"self":[{"href":"https:\/\/muky.com.br\/en\/wp-json\/wp\/v2\/pages\/136","targetHints":{"allow":["GET"]}}],"collection":[{"href":"https:\/\/muky.com.br\/en\/wp-json\/wp\/v2\/pages"}],"about":[{"href":"https:\/\/muky.com.br\/en\/wp-json\/wp\/v2\/types\/page"}],"author":[{"embeddable":true,"href":"https:\/\/muky.com.br\/en\/wp-json\/wp\/v2\/users\/1"}],"replies":[{"embeddable":true,"href":"https:\/\/muky.com.br\/en\/wp-json\/wp\/v2\/comments?post=136"}],"version-history":[{"count":43,"href":"https:\/\/muky.com.br\/en\/wp-json\/wp\/v2\/pages\/136\/revisions"}],"predecessor-version":[{"id":3060,"href":"https:\/\/muky.com.br\/en\/wp-json\/wp\/v2\/pages\/136\/revisions\/3060"}],"wp:attachment":[{"href":"https:\/\/muky.com.br\/en\/wp-json\/wp\/v2\/media?parent=136"}],"curies":[{"name":"wp","href":"https:\/\/api.w.org\/{rel}","templated":true}]}}