{"id":25,"date":"2025-03-27T12:36:24","date_gmt":"2025-03-27T15:36:24","guid":{"rendered":"https:\/\/muky.com.br\/?page_id=25"},"modified":"2025-06-18T12:33:44","modified_gmt":"2025-06-18T15:33:44","slug":"quem-somos","status":"publish","type":"page","link":"https:\/\/muky.com.br\/pt_br\/quem-somos\/","title":{"rendered":"Quem Somos"},"content":{"rendered":"\t\t<div data-elementor-type=\"wp-page\" data-elementor-id=\"25\" class=\"elementor elementor-25\" data-elementor-post-type=\"page\">\n\t\t\t\t<div class=\"elementor-element elementor-element-035b03d e-flex e-con-boxed e-con e-parent\" data-id=\"035b03d\" data-element_type=\"container\" data-settings=\"{&quot;background_background&quot;:&quot;classic&quot;,&quot;jet_parallax_layout_list&quot;:[]}\">\n\t\t\t\t\t<div class=\"e-con-inner\">\n\t\t<div class=\"elementor-element elementor-element-99ba185 e-con-full e-flex e-con e-child\" data-id=\"99ba185\" data-element_type=\"container\" data-settings=\"{&quot;jet_parallax_layout_list&quot;:[]}\">\n\t\t\t\t<div class=\"elementor-element elementor-element-00deb8a elementor-widget__width-initial elementor-widget elementor-widget-heading\" data-id=\"00deb8a\" data-element_type=\"widget\" data-widget_type=\"heading.default\">\n\t\t\t\t<div class=\"elementor-widget-container\">\n\t\t\t\t\t<h2 class=\"elementor-heading-title elementor-size-default\">Se tem Muky, tem hist\u00f3ria! <\/h2>\t\t\t\t<\/div>\n\t\t\t\t<\/div>\n\t\t\t\t<div class=\"elementor-element elementor-element-f632359 elementor-widget elementor-widget-heading\" data-id=\"f632359\" data-element_type=\"widget\" data-widget_type=\"heading.default\">\n\t\t\t\t<div class=\"elementor-widget-container\">\n\t\t\t\t\t<h2 class=\"elementor-heading-title elementor-size-default\">\u2022 E pode acreditar, a gente t\u00e1 nessa miss\u00e3o h\u00e1 um temp\u00e3o!<\/h2>\t\t\t\t<\/div>\n\t\t\t\t<\/div>\n\t\t\t\t<div class=\"elementor-element elementor-element-d83457c elementor-widget__width-initial elementor-widget elementor-widget-text-editor\" data-id=\"d83457c\" data-element_type=\"widget\" data-widget_type=\"text-editor.default\">\n\t\t\t\t<div class=\"elementor-widget-container\">\n\t\t\t\t\t\t\t\t\t<p>H\u00e1 mais de 40 anos, <strong>desde 1982,<\/strong> Muky existe com um \u00fanico objetivo: transformar o simples momento do achocolatado em algo inesquec\u00edvel. E deu no que deu: um cl\u00e1ssico que atravessa gera\u00e7\u00f5es e continua sendo o favorito da galera!<\/p>\t\t\t\t\t\t\t\t<\/div>\n\t\t\t\t<\/div>\n\t\t\t\t<div class=\"elementor-element elementor-element-eafb45b elementor-widget__width-initial elementor-widget elementor-widget-text-editor\" data-id=\"eafb45b\" data-element_type=\"widget\" data-widget_type=\"text-editor.default\">\n\t\t\t\t<div class=\"elementor-widget-container\">\n\t\t\t\t\t\t\t\t\t<p>Come\u00e7amos com o sabor cl\u00e1ssico de chocolate e, ao longo dos anos, fomos expandindo, trazendo novas op\u00e7\u00f5es irresist\u00edveis, como o <strong>Muky morango<\/strong>, al\u00e9m das op\u00e7\u00f5es pra quem gosta de ousar, napolitano e mix de frutas, sempre mantendo o compromisso de entregar <strong>10 vitaminas e ferro<\/strong>, para garantir que, al\u00e9m de gostoso, o Muky tamb\u00e9m seja nutritivo.<\/p>\t\t\t\t\t\t\t\t<\/div>\n\t\t\t\t<\/div>\n\t\t\t\t<div class=\"elementor-element elementor-element-457f86c elementor-widget__width-initial elementor-widget elementor-widget-text-editor\" data-id=\"457f86c\" data-element_type=\"widget\" data-widget_type=\"text-editor.default\">\n\t\t\t\t<div class=\"elementor-widget-container\">\n\t\t\t\t\t\t\t\t\t<p>A nossa jornada \u00e9 de evolu\u00e7\u00e3o constante, mas sempre com a mesma ess\u00eancia: levar um sabor de qualidade para os melhores momentos da sua vida. Muky \u00e9 mais que um achocolatado, <strong>\u00e9 uma marca que se conecta com voc\u00ea,<\/strong>\u00a0com a sua fam\u00edlia e com as suas lembran\u00e7as mais gostosas.<\/p>\t\t\t\t\t\t\t\t<\/div>\n\t\t\t\t<\/div>\n\t\t\t\t<\/div>\n\t\t<div class=\"elementor-element elementor-element-1350871 e-con-full e-flex e-con e-child\" data-id=\"1350871\" data-element_type=\"container\" data-settings=\"{&quot;jet_parallax_layout_list&quot;:[]}\">\n\t\t\t\t<div class=\"elementor-element elementor-element-092bd07 elementor-widget elementor-widget-image\" data-id=\"092bd07\" data-element_type=\"widget\" data-widget_type=\"image.default\">\n\t\t\t\t<div class=\"elementor-widget-container\">\n\t\t\t\t\t\t\t\t\t\t\t\t\t\t\t<img fetchpriority=\"high\" decoding=\"async\" width=\"800\" height=\"1000\" src=\"https:\/\/muky.com.br\/wp-content\/uploads\/2025\/06\/Muky_biblioteca-819x1024.webp\" class=\"attachment-large size-large wp-image-2446\" alt=\"\" srcset=\"https:\/\/muky.com.br\/wp-content\/uploads\/2025\/06\/Muky_biblioteca-819x1024.webp 819w, https:\/\/muky.com.br\/wp-content\/uploads\/2025\/06\/Muky_biblioteca-240x300.webp 240w, https:\/\/muky.com.br\/wp-content\/uploads\/2025\/06\/Muky_biblioteca-768x960.webp 768w, https:\/\/muky.com.br\/wp-content\/uploads\/2025\/06\/Muky_biblioteca-10x12.webp 10w, https:\/\/muky.com.br\/wp-content\/uploads\/2025\/06\/Muky_biblioteca.webp 1080w\" sizes=\"(max-width: 800px) 100vw, 800px\" \/>\t\t\t\t\t\t\t\t\t\t\t\t\t\t\t<\/div>\n\t\t\t\t<\/div>\n\t\t\t\t<\/div>\n\t\t\t\t\t<\/div>\n\t\t\t\t<\/div>\n\t\t<div class=\"elementor-element elementor-element-6292589 e-flex e-con-boxed e-con e-parent\" data-id=\"6292589\" data-element_type=\"container\" data-settings=\"{&quot;background_background&quot;:&quot;classic&quot;,&quot;jet_parallax_layout_list&quot;:[]}\">\n\t\t\t\t\t<div class=\"e-con-inner\">\n\t\t\t\t<div class=\"elementor-element elementor-element-66e063a elementor-widget-divider--view-line elementor-widget elementor-widget-divider\" data-id=\"66e063a\" data-element_type=\"widget\" data-widget_type=\"divider.default\">\n\t\t\t\t<div class=\"elementor-widget-container\">\n\t\t\t\t\t\t\t<div class=\"elementor-divider\">\n\t\t\t<span class=\"elementor-divider-separator\">\n\t\t\t\t\t\t<\/span>\n\t\t<\/div>\n\t\t\t\t\t\t<\/div>\n\t\t\t\t<\/div>\n\t\t\t\t\t<\/div>\n\t\t\t\t<\/div>\n\t\t<div class=\"elementor-element elementor-element-896c567 e-flex e-con-boxed e-con e-parent\" data-id=\"896c567\" data-element_type=\"container\" data-settings=\"{&quot;background_background&quot;:&quot;classic&quot;,&quot;jet_parallax_layout_list&quot;:[]}\">\n\t\t\t\t\t<div class=\"e-con-inner\">\n\t\t\t\t<div class=\"elementor-element elementor-element-f345dd0 elementor-widget elementor-widget-heading\" data-id=\"f345dd0\" data-element_type=\"widget\" data-widget_type=\"heading.default\">\n\t\t\t\t<div class=\"elementor-widget-container\">\n\t\t\t\t\t<h2 class=\"elementor-heading-title elementor-size-default\">E, claro, tem muito mais sabor pela frente!<\/h2>\t\t\t\t<\/div>\n\t\t\t\t<\/div>\n\t\t\t\t<div class=\"elementor-element elementor-element-33db233 elementor-widget elementor-widget-image\" data-id=\"33db233\" data-element_type=\"widget\" data-widget_type=\"image.default\">\n\t\t\t\t<div class=\"elementor-widget-container\">\n\t\t\t\t\t\t\t\t\t\t\t\t\t\t\t<img decoding=\"async\" width=\"1920\" height=\"1024\" src=\"https:\/\/muky.com.br\/wp-content\/uploads\/2025\/06\/ChatGPT-Image-18-de-jun.-de-2025-10_40_34.png\" class=\"attachment-full size-full wp-image-2450\" alt=\"\" srcset=\"https:\/\/muky.com.br\/wp-content\/uploads\/2025\/06\/ChatGPT-Image-18-de-jun.-de-2025-10_40_34.png 1920w, https:\/\/muky.com.br\/wp-content\/uploads\/2025\/06\/ChatGPT-Image-18-de-jun.-de-2025-10_40_34-300x160.png 300w, https:\/\/muky.com.br\/wp-content\/uploads\/2025\/06\/ChatGPT-Image-18-de-jun.-de-2025-10_40_34-1024x546.png 1024w, https:\/\/muky.com.br\/wp-content\/uploads\/2025\/06\/ChatGPT-Image-18-de-jun.-de-2025-10_40_34-768x410.png 768w, https:\/\/muky.com.br\/wp-content\/uploads\/2025\/06\/ChatGPT-Image-18-de-jun.-de-2025-10_40_34-1536x819.png 1536w, https:\/\/muky.com.br\/wp-content\/uploads\/2025\/06\/ChatGPT-Image-18-de-jun.-de-2025-10_40_34-18x10.png 18w\" sizes=\"(max-width: 1920px) 100vw, 1920px\" \/>\t\t\t\t\t\t\t\t\t\t\t\t\t\t\t<\/div>\n\t\t\t\t<\/div>\n\t\t\t\t\t<\/div>\n\t\t\t\t<\/div>\n\t\t<div class=\"elementor-element elementor-element-79086ae e-flex e-con-boxed e-con e-parent\" data-id=\"79086ae\" data-element_type=\"container\" data-settings=\"{&quot;background_background&quot;:&quot;classic&quot;,&quot;jet_parallax_layout_list&quot;:[]}\">\n\t\t\t\t\t<div class=\"e-con-inner\">\n\t\t\t\t\t<\/div>\n\t\t\t\t<\/div>\n\t\t<div class=\"elementor-element elementor-element-ba235ee e-flex e-con-boxed e-con e-parent\" data-id=\"ba235ee\" data-element_type=\"container\" data-settings=\"{&quot;background_background&quot;:&quot;classic&quot;,&quot;jet_parallax_layout_list&quot;:[]}\">\n\t\t\t\t\t<div class=\"e-con-inner\">\n\t\t\t\t<div class=\"elementor-element elementor-element-2b2c980 elementor-headline--style-rotate elementor-widget elementor-widget-animated-headline\" data-id=\"2b2c980\" data-element_type=\"widget\" data-settings=\"{&quot;headline_style&quot;:&quot;rotate&quot;,&quot;animation_type&quot;:&quot;slide-down&quot;,&quot;rotating_text&quot;:&quot;Vitamina A\\nVitamina B1\\nVitamina B2\\nVitamina B3\\nVitamina B5\\nVitamina B6\\nVitamina B9\\nVitamina B12\\nVitamina C\\nVitamina D&quot;,&quot;rotate_iteration_delay&quot;:1000,&quot;loop&quot;:&quot;yes&quot;}\" data-no-translation=\"\" data-widget_type=\"animated-headline.default\">\n\t\t\t\t<div class=\"elementor-widget-container\">\n\t\t\t\t\t\t\t<h3 class=\"elementor-headline elementor-headline-animation-type-slide-down\">\n\t\t\t\t\t<span class=\"elementor-headline-plain-text elementor-headline-text-wrapper\">Muky cont\u00e9m<\/span>\n\t\t\t\t<span class=\"elementor-headline-dynamic-wrapper elementor-headline-text-wrapper\">\n\t\t\t\t\t<span class=\"elementor-headline-dynamic-text elementor-headline-text-active\">\n\t\t\t\tVitamina&nbsp;A\t\t\t<\/span>\n\t\t\t\t\t<span class=\"elementor-headline-dynamic-text\">\n\t\t\t\tVitamina&nbsp;B1\t\t\t<\/span>\n\t\t\t\t\t<span class=\"elementor-headline-dynamic-text\">\n\t\t\t\tVitamina&nbsp;B2\t\t\t<\/span>\n\t\t\t\t\t<span class=\"elementor-headline-dynamic-text\">\n\t\t\t\tVitamina&nbsp;B3\t\t\t<\/span>\n\t\t\t\t\t<span class=\"elementor-headline-dynamic-text\">\n\t\t\t\tVitamina&nbsp;B5\t\t\t<\/span>\n\t\t\t\t\t<span class=\"elementor-headline-dynamic-text\">\n\t\t\t\tVitamina&nbsp;B6\t\t\t<\/span>\n\t\t\t\t\t<span class=\"elementor-headline-dynamic-text\">\n\t\t\t\tVitamina&nbsp;B9\t\t\t<\/span>\n\t\t\t\t\t<span class=\"elementor-headline-dynamic-text\">\n\t\t\t\tVitamina&nbsp;B12\t\t\t<\/span>\n\t\t\t\t\t<span class=\"elementor-headline-dynamic-text\">\n\t\t\t\tVitamina&nbsp;C\t\t\t<\/span>\n\t\t\t\t\t<span class=\"elementor-headline-dynamic-text\">\n\t\t\t\tVitamina&nbsp;D\t\t\t<\/span>\n\t\t\t\t\t\t<\/span>\n\t\t\t\t<\/h3>\n\t\t\t\t\t\t<\/div>\n\t\t\t\t<\/div>\n\t\t\t\t\t<\/div>\n\t\t\t\t<\/div>\n\t\t\t\t<\/div>\n\t\t","protected":false},"excerpt":{"rendered":"<p>Se tem Muky, tem hist\u00f3ria! \u2022 E pode acreditar, a gente t\u00e1 nessa miss\u00e3o h\u00e1 um temp\u00e3o! H\u00e1 mais de 40 anos, desde 1982, Muky existe com um \u00fanico objetivo: transformar o simples momento do achocolatado em algo inesquec\u00edvel. E deu no que deu: um cl\u00e1ssico que atravessa gera\u00e7\u00f5es e continua sendo o favorito da [&hellip;]<\/p>\n","protected":false},"author":1,"featured_media":0,"parent":0,"menu_order":0,"comment_status":"closed","ping_status":"closed","template":"elementor_header_footer","meta":{"footnotes":""},"class_list":["post-25","page","type-page","status-publish","hentry"],"_links":{"self":[{"href":"https:\/\/muky.com.br\/pt_br\/wp-json\/wp\/v2\/pages\/25","targetHints":{"allow":["GET"]}}],"collection":[{"href":"https:\/\/muky.com.br\/pt_br\/wp-json\/wp\/v2\/pages"}],"about":[{"href":"https:\/\/muky.com.br\/pt_br\/wp-json\/wp\/v2\/types\/page"}],"author":[{"embeddable":true,"href":"https:\/\/muky.com.br\/pt_br\/wp-json\/wp\/v2\/users\/1"}],"replies":[{"embeddable":true,"href":"https:\/\/muky.com.br\/pt_br\/wp-json\/wp\/v2\/comments?post=25"}],"version-history":[{"count":158,"href":"https:\/\/muky.com.br\/pt_br\/wp-json\/wp\/v2\/pages\/25\/revisions"}],"predecessor-version":[{"id":3295,"href":"https:\/\/muky.com.br\/pt_br\/wp-json\/wp\/v2\/pages\/25\/revisions\/3295"}],"wp:attachment":[{"href":"https:\/\/muky.com.br\/pt_br\/wp-json\/wp\/v2\/media?parent=25"}],"curies":[{"name":"wp","href":"https:\/\/api.w.org\/{rel}","templated":true}]}}